{"id":391,"date":"2021-04-30T08:42:22","date_gmt":"2021-04-30T06:42:22","guid":{"rendered":"http:\/\/serwer2037289.home.pl\/dawnypruszcz\/?page_id=391"},"modified":"2021-04-30T08:42:22","modified_gmt":"2021-04-30T06:42:22","slug":"ueber-das-wiedemann-haus","status":"publish","type":"page","link":"https:\/\/dom-wiedemanna.pl\/de\/ueber-das-wiedemann-haus\/","title":{"rendered":"\u00dcBER DAS WIEDEMANN-HAUS"},"content":{"rendered":"<p>Der Sitz des Referats f\u00fcr Ausstellungen und Kulturerbe, ist ein besonderer Ort in der Landschaft der Stadt Pruszcz Gda\u0144ski.<\/p>\n<p>W\u00e4hrend vieler Jahrzehnte was dieses Haus Sitz einer der angesehensten und wohlverdienten Familien in der Geschichte von Pruszcz, der Familie Wiedemann. Das zentral gelegene Geb\u00e4ude, mit Elementen der Fachwerkkonstruktion, wurde Ende 18. Anfang 19. Jh. Erbaut. Mitte des 19. Jh. Wurde das Haus von einem Arzt Hermann Wiedemann gekauft, der hier, neben dem Sitz der Familie auch seine Arztpraxis eingerichtet hatte. Aufgrund der Bedeutung des Besitzers Hermann Wiedemann, was dieses Haus auch ein beliebter Begegnungsort damaliger Elite des Ortes. Hermann Wiedemann beteiligte sich auch an Projekten, welche entscheidend zur Wandlung Prausts von einem gro\u00dfen Dort zu einer Ortschaft mit dem Charakter einer Kleinstadt beigetragen hatten. Er war w\u00e4hrend \u00fcber zwei Jahrzehnten Vorsteher des Vereins zum Bau des Prausters Lazarets. Parallel dazu war er Leiter der, in den 80. Jahren des 19. Jh. erbauten Zuckerfabrik in Praust. Nach dem Tot Hermann Wiedemanns und dem Tot seines Sohnes Hugon, zog die Familie aus Praust weg und das Wiedemann-Haus wurde durch die Gemeinde Praust erworben. Diente verschiedenen\u00a0 Zwecken. Nach dem 2. Weltkrieg wurden in diesem Haus Sozialwohnungen eingerichtet. Die Stadt Pruszcz Gda\u0144ski hatte vor einigen Jahren beschlossen, diesem Haus eine, dessen historischem Wert geb\u00fchrende Funktion einer Einrichtung musealem und didaktischen Charakter zu verleihen.<\/p>\n<p>Im Rahmen unserer Aufgaben sind die an der Mitwirkung der Nachkommen deutscher Bewohner von Praust interessiert und laden Sie zu dieser Mitarbeit herzlich ein. Nicht alle Beitr\u00e4ge werden, aus zeitlichen Gr\u00fcnden auch in deutscher Sprache verfasst. Es bittet sich aber die M\u00f6glichkeit, die polnische Version mithilfe von \u00dcbersetzungsmaschinen zu lesen. Wir empfehlen auch unsere polnischen Texte, die regelm\u00e4\u00dfig auf dem Facebook-Konto \u201eDawny Pruszcz Dom Wiedemanna\u201c erscheinen.<\/p>\n","protected":false},"excerpt":{"rendered":"<p>Der Sitz des Referats f\u00fcr Ausstellungen und Kulturerbe, ist ein besonderer Ort in der Landschaft der Stadt Pruszcz Gda\u0144ski. W\u00e4hrend vieler Jahrzehnte was dieses Haus Sitz einer der angesehensten und wohlverdienten Familien in der Geschichte von Pruszcz, der Familie Wiedemann. Das zentral gelegene Geb\u00e4ude, mit Elementen der Fachwerkkonstruktion, wurde Ende 18. Anfang 19. Jh. Erbaut. [&hellip;]<\/p>\n","protected":false},"author":2,"featured_media":0,"parent":0,"menu_order":0,"comment_status":"closed","ping_status":"closed","template":"","meta":{"footnotes":""},"_links":{"self":[{"href":"https:\/\/dom-wiedemanna.pl\/de\/wp-json\/wp\/v2\/pages\/391"}],"collection":[{"href":"https:\/\/dom-wiedemanna.pl\/de\/wp-json\/wp\/v2\/pages"}],"about":[{"href":"https:\/\/dom-wiedemanna.pl\/de\/wp-json\/wp\/v2\/types\/page"}],"author":[{"embeddable":true,"href":"https:\/\/dom-wiedemanna.pl\/de\/wp-json\/wp\/v2\/users\/2"}],"replies":[{"embeddable":true,"href":"https:\/\/dom-wiedemanna.pl\/de\/wp-json\/wp\/v2\/comments?post=391"}],"version-history":[{"count":1,"href":"https:\/\/dom-wiedemanna.pl\/de\/wp-json\/wp\/v2\/pages\/391\/revisions"}],"predecessor-version":[{"id":392,"href":"https:\/\/dom-wiedemanna.pl\/de\/wp-json\/wp\/v2\/pages\/391\/revisions\/392"}],"wp:attachment":[{"href":"https:\/\/dom-wiedemanna.pl\/de\/wp-json\/wp\/v2\/media?parent=391"}],"curies":[{"name":"wp","href":"https:\/\/api.w.org\/{rel}","templated":true}]}}